{"id":1414,"date":"2020-09-02T04:12:20","date_gmt":"2020-09-02T04:12:20","guid":{"rendered":"https:\/\/nichterleinconsulting.com\/wp\/?page_id=1414"},"modified":"2024-07-06T12:21:37","modified_gmt":"2024-07-06T12:21:37","slug":"e-mcotgracias","status":"publish","type":"page","link":"https:\/\/www.nichterleinconsulting.com\/wp\/portafolios\/soluciones-de-software\/e-mcot-cotizador-laminas-conformadas\/e-mcotgracias\/","title":{"rendered":"e-MCOT &#8211; Gracias por registrarse"},"content":{"rendered":"\n<div class=\"wp-block-kadence-spacer aligncenter kt-block-spacer-_3a088f-2d\"><div class=\"kt-block-spacer kt-block-spacer-halign-center\" style=\"height:60px\"><hr class=\"kt-divider\" style=\"border-top-color:rgba(238, 238, 238, 1);border-top-width:1px;width:80%;border-top-style:solid\"\/><\/div><\/div>\n\n\n\n<div class=\"wp-block-coblocks-alert\"><p class=\"wp-block-coblocks-alert__title\">Gracias por haberte Registrado para conocer el sistema <strong>e-MCOT<\/strong><\/p><p class=\"wp-block-coblocks-alert__text\">A continuaci\u00f3n se presenta una tabla con usuarios y contrase\u00f1as para poder ingresar al sistema. Adicionalmente el bot\u00f3n a continuaci\u00f3n permite Visualizar\/descargar un peque\u00f1o manual<\/p><\/div>\n\n\n<div style=\"gap: 20px;\" class=\"align-button-center ub-buttons orientation-button-row ub-flex-wrap wp-block-ub-button\" id=\"ub-button-bde1ffdf-871c-499e-9bb5-1b96fb21c551\"><div class=\"ub-button-container\">\n\t\t\t<a href=\"https:\/\/www.nichterleinconsulting.com\/documentos\/descargas\/demo_e-MCOT_20200916.pdf\" target=\"_blank\" rel=\"noopener noreferrer nofollow\" class=\"ub-button-block-main   ub-button-flex\" role=\"button\" style=\"--ub-button-background-color: transparent; --ub-button-color: #313131; --ub-button-border: 3px solid #313131; --ub-button-hover-color: #313131; --ub-button-hover-border: 3px solid #313131; padding-top: 10px; padding-right: 10px; padding-bottom: 10px; padding-left: 10px; border-radius: 60px; \">\n\t\t\t\t<div class=\"ub-button-content-holder\" style=\"flex-direction: row\">\n\t\t\t\t\t<span class=\"ub-button-block-btn\">Ver\/Descargar Manual<\/span>\n\t\t\t\t<\/div>\n\t\t\t<\/a>\n\t\t<\/div><\/div>\n\n<p style=\"text-align: right;\"><button class=\"btn btn-primary\" title=\"Copia contenido a clipboard\" data-clipboard-target=\"#TablaClaves\"> <span style=\"color: #ffffff;\">Copiar <i class=\"far fa-copy\"><\/i><\/span> <\/button><\/p>\n<table  class=\" table table-hover\" id=\"TablaClaves\" style=\"border-collapse: collapse; width: 100%; height: 519px;\" border=\"1\">\n<thead>\n<tr style=\"height: 84px;\">\n<td style=\"text-align: center; height: 84px;\" width=\"123\">\n<p><strong>Rol<\/strong><\/p>\n<\/td>\n<td style=\"text-align: center; height: 84px;\" width=\"123\">\n<p><strong>Usuario<\/strong><\/p>\n<\/td>\n<td style=\"text-align: center; height: 84px;\" width=\"76\">\n<p><strong>Contrase\u00f1a<\/strong><\/p>\n<\/td>\n<td style=\"text-align: center; height: 84px;\" width=\"302\">\n<p><strong>Observaciones<\/strong><\/p>\n<\/td>\n<\/tr>\n<\/thead>\n<tbody>\n<tr style=\"height: 123px;\">\n<td style=\"height: 123px;\" width=\"123\">\n<p>Administrativo<\/p>\n<\/td>\n<td style=\"height: 123px;\" width=\"123\">\n<p>admin<\/p>\n<\/td>\n<td style=\"height: 123px;\" width=\"76\">\n<p>Admin2018<\/p>\n<\/td>\n<td style=\"height: 123px;\" width=\"302\">\n<p>&nbsp;Usuario que puede crear\/borrar otros usuarios, definir productos\/servicios y par\u00e1metros.<\/p>\n<\/td>\n<\/tr>\n<tr style=\"height: 139px;\">\n<td style=\"height: 139px;\" width=\"123\">\n<p>Vendedor<\/p>\n<\/td>\n<td style=\"height: 139px;\" width=\"123\">\n<p>v1<\/p>\n<\/td>\n<td style=\"height: 139px;\" width=\"76\">\n<p>v1<\/p>\n<\/td>\n<td style=\"height: 139px;\" width=\"302\">\n<p>Vendedor 1, cada vendedor visualiza lo que el hace. Solo Admimistrador visualiza todas las cotizaciones<\/p>\n<\/td>\n<\/tr>\n<tr style=\"height: 61px;\">\n<td style=\"height: 61px;\" width=\"123\">\n<p>Vendedor<\/p>\n<\/td>\n<td style=\"height: 61px;\" width=\"123\">\n<p>v2<\/p>\n<\/td>\n<td style=\"height: 61px;\" width=\"76\">\n<p>v2<\/p>\n<\/td>\n<td style=\"height: 61px;\" width=\"302\">\n<p>Vendedor 2<\/p>\n<\/td>\n<\/tr>\n<tr style=\"height: 112px;\">\n<td style=\"height: 112px;\" width=\"123\">\n<p>Operario<\/p>\n<\/td>\n<td style=\"height: 112px;\" width=\"123\">\n<p>OP<\/p>\n<\/td>\n<td style=\"height: 112px;\" width=\"76\">\n<p>Op1<\/p>\n<\/td>\n<td style=\"height: 112px;\" width=\"302\">\n<p>Operario es que realiza actividades<\/p>\n<\/td>\n<\/tr>\n<\/tbody>\n<\/table><style class=\"advgb-styles-renderer\">.wp-block-kadence-spacer.kt-block-spacer-_3a088f-2d .kt-block-spacer{height:60px;}.wp-block-kadence-spacer.kt-block-spacer-_3a088f-2d .kt-divider{border-top-width:1px;height:1px;border-top-color:#eee;width:80%;border-top-style:solid;}<\/style>","protected":false},"excerpt":{"rendered":"<p>Copiar Rol Usuario Contrase\u00f1a Observaciones Administrativo admin Admin2018 &nbsp;Usuario que puede crear\/borrar otros usuarios, definir productos\/servicios y par\u00e1metros. Vendedor v1 &hellip; <a href=\"https:\/\/www.nichterleinconsulting.com\/wp\/portafolios\/soluciones-de-software\/e-mcot-cotizador-laminas-conformadas\/e-mcotgracias\/\" class=\"more-link\">Sigue leyendo <span class=\"screen-reader-text\">e-MCOT &#8211; Gracias por registrarse<\/span><\/a><\/p>\n","protected":false},"author":1,"featured_media":0,"parent":1431,"menu_order":0,"comment_status":"closed","ping_status":"closed","template":"page-templates\/full-width.php","meta":{"_coblocks_attr":"","_coblocks_dimensions":"","_coblocks_responsive_height":"","_coblocks_accordion_ie_support":"","_crdt_document":"","content-type":"","advgb_blocks_editor_width":"","advgb_blocks_columns_visual_guide":"","_monsterinsights_skip_tracking":false,"_monsterinsights_sitenote_active":false,"_monsterinsights_sitenote_note":"","_monsterinsights_sitenote_category":0,"_themeisle_gutenberg_block_has_review":false,"footnotes":""},"class_list":["post-1414","page","type-page","status-publish","hentry"],"featured_image_src":null,"yoast_head":"<!-- This site is optimized with the Yoast SEO plugin v27.5 - https:\/\/yoast.com\/product\/yoast-seo-wordpress\/ -->\n<title>e-MCOT - Gracias por registrarse - NCS<\/title>\n<meta name=\"robots\" content=\"index, follow, max-snippet:-1, max-image-preview:large, max-video-preview:-1\" \/>\n<link rel=\"canonical\" href=\"https:\/\/www.nichterleinconsulting.com\/wp\/portafolios\/soluciones-de-software\/e-mcot-cotizador-laminas-conformadas\/e-mcotgracias\/\" \/>\n<meta property=\"og:locale\" content=\"es_ES\" \/>\n<meta property=\"og:type\" content=\"article\" \/>\n<meta property=\"og:title\" content=\"e-MCOT - Gracias por registrarse - NCS\" \/>\n<meta property=\"og:description\" content=\"Copiar Rol Usuario Contrase\u00f1a Observaciones Administrativo admin Admin2018 &nbsp;Usuario que puede crear\/borrar otros usuarios, definir productos\/servicios y par\u00e1metros. Vendedor v1 &hellip; Sigue leyendo e-MCOT &#8211; Gracias por registrarse\" \/>\n<meta property=\"og:url\" content=\"https:\/\/www.nichterleinconsulting.com\/wp\/portafolios\/soluciones-de-software\/e-mcot-cotizador-laminas-conformadas\/e-mcotgracias\/\" \/>\n<meta property=\"og:site_name\" content=\"NCS\" \/>\n<meta property=\"article:modified_time\" content=\"2024-07-06T12:21:37+00:00\" \/>\n<meta name=\"twitter:card\" content=\"summary_large_image\" \/>\n<meta name=\"twitter:label1\" content=\"Tiempo de lectura\" \/>\n\t<meta name=\"twitter:data1\" content=\"1 minuto\" \/>\n<script type=\"application\/ld+json\" class=\"yoast-schema-graph\">{\"@context\":\"https:\\\/\\\/schema.org\",\"@graph\":[{\"@type\":\"WebPage\",\"@id\":\"https:\\\/\\\/www.nichterleinconsulting.com\\\/wp\\\/portafolios\\\/soluciones-de-software\\\/e-mcot-cotizador-laminas-conformadas\\\/e-mcotgracias\\\/\",\"url\":\"https:\\\/\\\/www.nichterleinconsulting.com\\\/wp\\\/portafolios\\\/soluciones-de-software\\\/e-mcot-cotizador-laminas-conformadas\\\/e-mcotgracias\\\/\",\"name\":\"e-MCOT - Gracias por registrarse - NCS\",\"isPartOf\":{\"@id\":\"https:\\\/\\\/www.nichterleinconsulting.com\\\/wp\\\/#website\"},\"datePublished\":\"2020-09-02T04:12:20+00:00\",\"dateModified\":\"2024-07-06T12:21:37+00:00\",\"breadcrumb\":{\"@id\":\"https:\\\/\\\/www.nichterleinconsulting.com\\\/wp\\\/portafolios\\\/soluciones-de-software\\\/e-mcot-cotizador-laminas-conformadas\\\/e-mcotgracias\\\/#breadcrumb\"},\"inLanguage\":\"es\",\"potentialAction\":[{\"@type\":\"ReadAction\",\"target\":[\"https:\\\/\\\/www.nichterleinconsulting.com\\\/wp\\\/portafolios\\\/soluciones-de-software\\\/e-mcot-cotizador-laminas-conformadas\\\/e-mcotgracias\\\/\"]}]},{\"@type\":\"BreadcrumbList\",\"@id\":\"https:\\\/\\\/www.nichterleinconsulting.com\\\/wp\\\/portafolios\\\/soluciones-de-software\\\/e-mcot-cotizador-laminas-conformadas\\\/e-mcotgracias\\\/#breadcrumb\",\"itemListElement\":[{\"@type\":\"ListItem\",\"position\":1,\"name\":\"Portada\",\"item\":\"https:\\\/\\\/www.nichterleinconsulting.com\\\/wp\\\/\"},{\"@type\":\"ListItem\",\"position\":2,\"name\":\"Portafolios\",\"item\":\"https:\\\/\\\/www.nichterleinconsulting.com\\\/wp\\\/portafolios\\\/\"},{\"@type\":\"ListItem\",\"position\":3,\"name\":\"Empresas Virtuales (e-SME)\",\"item\":\"https:\\\/\\\/www.nichterleinconsulting.com\\\/wp\\\/portafolios\\\/soluciones-de-software\\\/\"},{\"@type\":\"ListItem\",\"position\":4,\"name\":\"e-MCOT\",\"item\":\"https:\\\/\\\/www.nichterleinconsulting.com\\\/wp\\\/portafolios\\\/soluciones-de-software\\\/e-mcot-cotizador-laminas-conformadas\\\/\"},{\"@type\":\"ListItem\",\"position\":5,\"name\":\"e-MCOT &#8211; Gracias por registrarse\"}]},{\"@type\":\"WebSite\",\"@id\":\"https:\\\/\\\/www.nichterleinconsulting.com\\\/wp\\\/#website\",\"url\":\"https:\\\/\\\/www.nichterleinconsulting.com\\\/wp\\\/\",\"name\":\"NCS\",\"description\":\"\",\"publisher\":{\"@id\":\"https:\\\/\\\/www.nichterleinconsulting.com\\\/wp\\\/#organization\"},\"potentialAction\":[{\"@type\":\"SearchAction\",\"target\":{\"@type\":\"EntryPoint\",\"urlTemplate\":\"https:\\\/\\\/www.nichterleinconsulting.com\\\/wp\\\/?s={search_term_string}\"},\"query-input\":{\"@type\":\"PropertyValueSpecification\",\"valueRequired\":true,\"valueName\":\"search_term_string\"}}],\"inLanguage\":\"es\"},{\"@type\":\"Organization\",\"@id\":\"https:\\\/\\\/www.nichterleinconsulting.com\\\/wp\\\/#organization\",\"name\":\"Nichterlein Consulting Services\",\"url\":\"https:\\\/\\\/www.nichterleinconsulting.com\\\/wp\\\/\",\"logo\":{\"@type\":\"ImageObject\",\"inLanguage\":\"es\",\"@id\":\"https:\\\/\\\/www.nichterleinconsulting.com\\\/wp\\\/#\\\/schema\\\/logo\\\/image\\\/\",\"url\":\"https:\\\/\\\/www.nichterleinconsulting.com\\\/wp\\\/wp-content\\\/uploads\\\/2020\\\/08\\\/NCS_logo_II_chico-2.png\",\"contentUrl\":\"https:\\\/\\\/www.nichterleinconsulting.com\\\/wp\\\/wp-content\\\/uploads\\\/2020\\\/08\\\/NCS_logo_II_chico-2.png\",\"width\":138,\"height\":50,\"caption\":\"Nichterlein Consulting Services\"},\"image\":{\"@id\":\"https:\\\/\\\/www.nichterleinconsulting.com\\\/wp\\\/#\\\/schema\\\/logo\\\/image\\\/\"},\"sameAs\":[\"https:\\\/\\\/www.linkedin.com\\\/in\\\/carlos-nichterlein-769b2b21\\\/\"]}]}<\/script>\n<!-- \/ Yoast SEO plugin. -->","yoast_head_json":{"title":"e-MCOT - Gracias por registrarse - NCS","robots":{"index":"index","follow":"follow","max-snippet":"max-snippet:-1","max-image-preview":"max-image-preview:large","max-video-preview":"max-video-preview:-1"},"canonical":"https:\/\/www.nichterleinconsulting.com\/wp\/portafolios\/soluciones-de-software\/e-mcot-cotizador-laminas-conformadas\/e-mcotgracias\/","og_locale":"es_ES","og_type":"article","og_title":"e-MCOT - Gracias por registrarse - NCS","og_description":"Copiar Rol Usuario Contrase\u00f1a Observaciones Administrativo admin Admin2018 &nbsp;Usuario que puede crear\/borrar otros usuarios, definir productos\/servicios y par\u00e1metros. Vendedor v1 &hellip; Sigue leyendo e-MCOT &#8211; Gracias por registrarse","og_url":"https:\/\/www.nichterleinconsulting.com\/wp\/portafolios\/soluciones-de-software\/e-mcot-cotizador-laminas-conformadas\/e-mcotgracias\/","og_site_name":"NCS","article_modified_time":"2024-07-06T12:21:37+00:00","twitter_card":"summary_large_image","twitter_misc":{"Tiempo de lectura":"1 minuto"},"schema":{"@context":"https:\/\/schema.org","@graph":[{"@type":"WebPage","@id":"https:\/\/www.nichterleinconsulting.com\/wp\/portafolios\/soluciones-de-software\/e-mcot-cotizador-laminas-conformadas\/e-mcotgracias\/","url":"https:\/\/www.nichterleinconsulting.com\/wp\/portafolios\/soluciones-de-software\/e-mcot-cotizador-laminas-conformadas\/e-mcotgracias\/","name":"e-MCOT - Gracias por registrarse - NCS","isPartOf":{"@id":"https:\/\/www.nichterleinconsulting.com\/wp\/#website"},"datePublished":"2020-09-02T04:12:20+00:00","dateModified":"2024-07-06T12:21:37+00:00","breadcrumb":{"@id":"https:\/\/www.nichterleinconsulting.com\/wp\/portafolios\/soluciones-de-software\/e-mcot-cotizador-laminas-conformadas\/e-mcotgracias\/#breadcrumb"},"inLanguage":"es","potentialAction":[{"@type":"ReadAction","target":["https:\/\/www.nichterleinconsulting.com\/wp\/portafolios\/soluciones-de-software\/e-mcot-cotizador-laminas-conformadas\/e-mcotgracias\/"]}]},{"@type":"BreadcrumbList","@id":"https:\/\/www.nichterleinconsulting.com\/wp\/portafolios\/soluciones-de-software\/e-mcot-cotizador-laminas-conformadas\/e-mcotgracias\/#breadcrumb","itemListElement":[{"@type":"ListItem","position":1,"name":"Portada","item":"https:\/\/www.nichterleinconsulting.com\/wp\/"},{"@type":"ListItem","position":2,"name":"Portafolios","item":"https:\/\/www.nichterleinconsulting.com\/wp\/portafolios\/"},{"@type":"ListItem","position":3,"name":"Empresas Virtuales (e-SME)","item":"https:\/\/www.nichterleinconsulting.com\/wp\/portafolios\/soluciones-de-software\/"},{"@type":"ListItem","position":4,"name":"e-MCOT","item":"https:\/\/www.nichterleinconsulting.com\/wp\/portafolios\/soluciones-de-software\/e-mcot-cotizador-laminas-conformadas\/"},{"@type":"ListItem","position":5,"name":"e-MCOT &#8211; Gracias por registrarse"}]},{"@type":"WebSite","@id":"https:\/\/www.nichterleinconsulting.com\/wp\/#website","url":"https:\/\/www.nichterleinconsulting.com\/wp\/","name":"NCS","description":"","publisher":{"@id":"https:\/\/www.nichterleinconsulting.com\/wp\/#organization"},"potentialAction":[{"@type":"SearchAction","target":{"@type":"EntryPoint","urlTemplate":"https:\/\/www.nichterleinconsulting.com\/wp\/?s={search_term_string}"},"query-input":{"@type":"PropertyValueSpecification","valueRequired":true,"valueName":"search_term_string"}}],"inLanguage":"es"},{"@type":"Organization","@id":"https:\/\/www.nichterleinconsulting.com\/wp\/#organization","name":"Nichterlein Consulting Services","url":"https:\/\/www.nichterleinconsulting.com\/wp\/","logo":{"@type":"ImageObject","inLanguage":"es","@id":"https:\/\/www.nichterleinconsulting.com\/wp\/#\/schema\/logo\/image\/","url":"https:\/\/www.nichterleinconsulting.com\/wp\/wp-content\/uploads\/2020\/08\/NCS_logo_II_chico-2.png","contentUrl":"https:\/\/www.nichterleinconsulting.com\/wp\/wp-content\/uploads\/2020\/08\/NCS_logo_II_chico-2.png","width":138,"height":50,"caption":"Nichterlein Consulting Services"},"image":{"@id":"https:\/\/www.nichterleinconsulting.com\/wp\/#\/schema\/logo\/image\/"},"sameAs":["https:\/\/www.linkedin.com\/in\/carlos-nichterlein-769b2b21\/"]}]}},"featured_image_src_square":null,"pbg_featured_image_src":{"full":false,"thumbnail":false,"medium":false,"medium_large":false,"large":false,"1536x1536":false,"2048x2048":false,"gb-block-post-grid-landscape":false,"gb-block-post-grid-square":false,"shapely-full":false,"shapely-featured":false,"shapely-grid":false,"form-edit-image-preview":false},"pbg_author_info":{"display_name":"wpnichter","author_link":"https:\/\/www.nichterleinconsulting.com\/wp\/author\/wpnichter-2\/","author_img":"<img alt='wpnichter' src='https:\/\/secure.gravatar.com\/avatar\/c8b64a9ba2d859290c6f908c62d36e8fdcf04814abadd7500f249aafe276d814?s=128&#038;d=mm&#038;r=g' srcset='https:\/\/secure.gravatar.com\/avatar\/c8b64a9ba2d859290c6f908c62d36e8fdcf04814abadd7500f249aafe276d814?s=256&#038;d=mm&#038;r=g 2x' class='avatar avatar-128 photo' height='128' width='128' loading='lazy' decoding='async'\/>"},"pbg_comment_info":" No Comments","pbg_excerpt":"Copiar Rol Usuario Contrase\u00f1a Observaciones Administrativo admin Admin2018 &nbsp;Usuario que puede crear\/borrar otros usuarios, definir productos\/servicios y par\u00e1metros. Vendedor v1 &hellip; Sigue leyendo e-MCOT &#8211; Gracias por registrarse","coauthors":[],"author_meta":{"author_link":"https:\/\/www.nichterleinconsulting.com\/wp\/author\/wpnichter-2\/","display_name":"wpnichter"},"relative_dates":{"created":"Publicado 6 a\u00f1os hace","modified":"Actualizado 2 a\u00f1os hace"},"absolute_dates":{"created":"Publicado el 2 septiembre 2020","modified":"Actualizado el 6 julio 2024"},"absolute_dates_time":{"created":"Publicado el 2 septiembre 2020 04:12","modified":"Actualizado el 6 julio 2024 12:21"},"featured_img_caption":"","featured_img":false,"series_order":"","jetpack_sharing_enabled":false,"_links":{"self":[{"href":"https:\/\/www.nichterleinconsulting.com\/wp\/wp-json\/wp\/v2\/pages\/1414","targetHints":{"allow":["GET"]}}],"collection":[{"href":"https:\/\/www.nichterleinconsulting.com\/wp\/wp-json\/wp\/v2\/pages"}],"about":[{"href":"https:\/\/www.nichterleinconsulting.com\/wp\/wp-json\/wp\/v2\/types\/page"}],"author":[{"embeddable":true,"href":"https:\/\/www.nichterleinconsulting.com\/wp\/wp-json\/wp\/v2\/users\/1"}],"replies":[{"embeddable":true,"href":"https:\/\/www.nichterleinconsulting.com\/wp\/wp-json\/wp\/v2\/comments?post=1414"}],"version-history":[{"count":7,"href":"https:\/\/www.nichterleinconsulting.com\/wp\/wp-json\/wp\/v2\/pages\/1414\/revisions"}],"predecessor-version":[{"id":1722,"href":"https:\/\/www.nichterleinconsulting.com\/wp\/wp-json\/wp\/v2\/pages\/1414\/revisions\/1722"}],"up":[{"embeddable":true,"href":"https:\/\/www.nichterleinconsulting.com\/wp\/wp-json\/wp\/v2\/pages\/1431"}],"wp:attachment":[{"href":"https:\/\/www.nichterleinconsulting.com\/wp\/wp-json\/wp\/v2\/media?parent=1414"}],"curies":[{"name":"wp","href":"https:\/\/api.w.org\/{rel}","templated":true}]}}